{"id":2885,"date":"2024-07-24T00:06:59","date_gmt":"2024-07-23T17:06:59","guid":{"rendered":"https:\/\/ladangmaslestari.com\/?page_id=2885"},"modified":"2024-08-28T11:20:06","modified_gmt":"2024-08-28T04:20:06","slug":"x3-ceramic-series","status":"publish","type":"page","link":"https:\/\/ladangmaslestari.com\/?page_id=2885","title":{"rendered":"X3 Ceramic Series"},"content":{"rendered":"\t\t<div data-elementor-type=\"wp-page\" data-elementor-id=\"2885\" class=\"elementor elementor-2885\">\n\t\t\t\t<div class=\"elementor-element elementor-element-32de3c1 e-flex e-con-boxed e-con e-parent\" data-id=\"32de3c1\" data-element_type=\"container\" data-e-type=\"container\">\n\t\t\t\t\t<div class=\"e-con-inner\">\n\t\t\t\t<div class=\"elementor-element elementor-element-fa3cf88 elementor-widget__width-inherit elementor-absolute elementor-widget elementor-widget-html\" data-id=\"fa3cf88\" data-element_type=\"widget\" data-e-type=\"widget\" data-settings=\"{&quot;_position&quot;:&quot;absolute&quot;}\" data-widget_type=\"html.default\">\n\t\t\t\t<div class=\"elementor-widget-container\">\n\t\t\t\t\t<!DOCTYPE html>\r\n<html>\r\n<head>\r\n    <link href='https:\/\/fonts.googleapis.com\/css?family=Poppins' rel='stylesheet'>\r\n    <link rel=\"stylesheet\" href=\"https:\/\/cdnjs.cloudflare.com\/ajax\/libs\/font-awesome\/6.0.0-beta3\/css\/all.min.css\">\r\n    <style>\r\n        body {\r\n            font-family: 'Poppins';\r\n            background-color: #f0f;\r\n           \r\n            margin: 0;\r\n            padding: 0;\r\n        }\r\n        .container > div img.logo-small {\r\n            position: absolute;\r\n            top: 10px;\r\n            transition: opacity 0.5s ease-in-out;\r\n        }\r\n        .container > div:hover img.logo-small {\r\n            opacity: 0;\r\n        }\r\n\r\n        nav {\r\n            position: fixed;\r\n            top: 0;\r\n            width: 100%;\r\n            padding: 10px 0;\r\n            z-index: 1000;\r\n            display: flex;\r\n            justify-content: space-between;\r\n            align-items: center;\r\n            border-bottom: 2px solid white;\r\n        }\r\n        nav.scroll {\r\n            background-color: white;\r\n            box-shadow: 0 2px 5px rgba(0,0,0,0.1);\r\n        }\r\n\r\n        nav.scroll .logo {\r\n            filter: invert(1);\r\n        }\r\n        nav.scroll ul li a {\r\n            color: #000;\r\n        }\r\n\r\n        .logo-wrapper {\r\n            margin-left: 100px; \/* Jarak dari kiri *\/\r\n        }\r\n\r\n        .logo {\r\n            height: 40px; \/* Tinggi logo *\/\r\n            width: auto;\r\n            transition: filter 0.3s;\r\n        }\r\n\r\n        .nav-menu {\r\n            display: flex;\r\n            align-items: center;\r\n            margin-right: 200px; \/* Jarak dari kanan *\/\r\n        }\r\n\r\n        nav:hover {\r\n            background-color: white;\r\n        }\r\n\r\n        nav ul li a {\r\n            color: #fff;\r\n            font-size: 12px;\r\n        }\r\n        nav:hover ul li a {\r\n            color: #000;\r\n        }\r\n        nav:hover ul li  {\r\n            background-color: #fff;\r\n        }\r\n\r\n        nav:hover .logo {\r\n            filter: invert(1);\r\n        }\r\n\r\n        nav ul li a:hover {\r\n            color: #FFBB59;\r\n        }\r\n\r\n        ul {\r\n            margin: 0;\r\n            padding: 0;\r\n            list-style: none;\r\n            display: flex;\r\n            align-items: center;\r\n        }\r\n\r\n        ul li {\r\n            position: relative;\r\n        }\r\n\r\n        ul li a {\r\n            display: flex;\r\n            justify-content: center;\r\n            align-items: center;\r\n            color: #FFF;\r\n            text-align: center;\r\n            padding: 14px 26px;\r\n            text-decoration: none;\r\n        }\r\n        ul li a i {\r\n            margin-left: auto;\r\n            font-size: 6pt;\r\n        }\r\n\r\n        .rotate {\r\n            transition: transform 0.3s ease;\r\n            transform: rotate(180deg);\r\n        }\r\n\r\n        .rotate-right {\r\n            transition: transform 0.3s ease;\r\n            transform: rotate(90deg);\r\n        }\r\n\r\n        ul li a:hover {\r\n            color: #FFBB59;\r\n        }\r\n\r\n        ul ul {\r\n            display: none;\r\n            padding: 0;\r\n            position: absolute;\r\n            top: 100%;\r\n            left: 0;\r\n            z-index: 1000;\r\n        }\r\n\r\n        ul ul li {\r\n            float: none;\r\n            position: relative;\r\n        }\r\n\r\n        ul li:hover > ul {\r\n            display: block;\r\n            width: 120px;\r\n        }\r\n\r\n        ul li ul li:hover > ul {\r\n            width: 190px;\r\n            display: block;\r\n        }\r\n\r\n        ul ul li a {\r\n            text-align: left;\r\n            padding: 10px 10px 20px 25px;\r\n            color: #000;\r\n            border-bottom: 2px solid white;\r\n        }\r\n\r\n        ul ul li a:hover {\r\n            color: #FFBB59;\r\n        }\r\n\r\n        ul ul ul {\r\n            position: absolute;\r\n            left: 100%;\r\n            top: 0;\r\n        }\r\n\r\n        .active {\r\n            background-color: #FFBB59;\r\n        }\r\n        .logo-small {\r\n            position: absolute;\r\n            top: 0; \/* Menempatkan logo di atas *\/\r\n            transform: translateY(0); \/* Tidak ada pergeseran vertikal *\/\r\n            width: 80px;\r\n            height: auto;\r\n            transition: opacity 0.5s ease-in-out;\r\n        }\r\n    <\/style>\r\n<\/head>\r\n<body>\r\n    <nav id=\"navbar\">\r\n        <div class=\"logo-wrapper\">\r\n            <a href=\"https:\/\/ladangmaslestari.com\">\r\n                <img decoding=\"async\" src=\"https:\/\/ladangmaslestari.com\/wp-content\/uploads\/2024\/06\/LML-Logo-Alt-01.png\" alt=\"Logo\" class=\"logo\" style=\"width:140px\">\r\n            <\/a>\r\n        <\/div>\r\n        <div class=\"nav-menu\">\r\n            <ul>\r\n                <li><a href=\"https:\/\/ladangmaslestari.com\">Home<\/a><\/li>\r\n                <li><a href=\"https:\/\/ladangmaslestari.com\/?page_id=194#About%20Us\">About<\/a><\/li>\r\n                <li><a href=\"https:\/\/ladangmaslestari.com\/?page_id=1220\">Brands&nbsp<i class=\"fa-solid fa-chevron-down\"><\/i><\/a>\r\n                    <ul>\r\n                        <li><a href=\"#\">V-Kool <i class=\"fa-solid fa-chevron-right\"><\/i><\/a>\r\n                            <ul>\r\n                                <li><a href=\"https:\/\/ladangmaslestari.com\/?page_id=2615\">Limited Edition Series<\/a><\/li>\r\n                                <li><a href=\"https:\/\/ladangmaslestari.com\/?page_id=2657\">Diamond Series<\/a><\/li>\r\n                                <li><a href=\"https:\/\/ladangmaslestari.com\/?page_id=2745\">Gold Series<\/a><\/li>\r\n                                <li><a href=\"https:\/\/ladangmaslestari.com\/?page_id=2747\">Silver Series<\/a><\/li>\r\n                                <li><a href=\"https:\/\/ladangmaslestari.com\/?page_id=1740\">VK 70<\/a><\/li>\r\n                                <li><a href=\"https:\/\/ladangmaslestari.com\/?page_id=1745\">VK 40<\/a><\/li>\r\n                                <li><a href=\"https:\/\/ladangmaslestari.com\/?page_id=2064\">VK VIP<\/a><\/li>\r\n                                <li><a href=\"https:\/\/ladangmaslestari.com\/?page_id=2682\">VK X15<\/a><\/li>\r\n                                <li><a href=\"https:\/\/ladangmaslestari.com\/?page_id=2695\">VK X05<\/a><\/li>\r\n                            <\/ul>\r\n                        <\/li>\r\n                        <li><a href=\"#\">Solar Gard<i class=\"fa-solid fa-chevron-right\"><\/i><\/a>\r\n                            <ul>\r\n                                <li><a href=\"#\">Solar Gard Premium<i class=\"fa-solid fa-chevron-right\"><\/i><\/a>\r\n                                    <ul>\r\n                                        <li><a href=\"https:\/\/ladangmaslestari.com\/?page_id=2809\">Lx Series<\/a><\/li>\r\n                                        <li><a href=\"https:\/\/ladangmaslestari.com\/?page_id=2822\">Black Phantom<\/a><\/li>\r\n                                        <li><a href=\"https:\/\/ladangmaslestari.com\/?page_id=2842\">Platinum Series<\/a><\/li>\r\n                                        <li><a href=\"https:\/\/ladangmaslestari.com\/?page_id=2855\">OEM Series<\/a><\/li>\r\n                                    <\/ul>\r\n                                <\/li>\r\n                                <li><a href=\"#\">Solar Gard<i class=\"fa-solid fa-chevron-right\"><\/i><\/a>\r\n                                    <ul>\r\n                                        <li><a href=\"https:\/\/ladangmaslestari.com\/?page_id=4342\">Autofilm Series<\/a><\/li>\r\n                                        <li><a href=\"https:\/\/ladangmaslestari.com\/?page_id=4344\">OEM Series<\/a><\/li>\r\n                                    <\/ul>\r\n                                <\/li>\r\n                            <\/ul>\r\n                        <\/li>\r\n                        <li><a href=\"#\">H\u00fcper Optik<i class=\"fa-solid fa-chevron-right\"><\/i><\/a>\r\n                            <ul>\r\n                                <li><a href=\"https:\/\/ladangmaslestari.com\/?page_id=2885\">H\u00fcper Ceramic Series<\/a>\r\n                                <li><a href=\"https:\/\/ladangmaslestari.com\/?page_id=2895\">H\u00fcper Klassich Series<\/a>\r\n                                <li><a href=\"https:\/\/ladangmaslestari.com\/?page_id=2902\">H\u00fcper Select Drei Series<\/a>\r\n                            <\/ul>\r\n                        <\/li>\r\n                        <li><a href=\"#\">U-Film<i class=\"fa-solid fa-chevron-right\"><\/i><\/a>\r\n                            <ul>\r\n                                <li><a href=\"https:\/\/ladangmaslestari.com\/?page_id=2918\">The Prime Series<\/a>\r\n                                <li><a href=\"https:\/\/ladangmaslestari.com\/?page_id=2918\">The Prime Series<\/a>\r\n                                <li><a href=\"https:\/\/ladangmaslestari.com\/?page_id=2918\">The Prime Series<\/a>\r\n                                <li><a href=\"https:\/\/ladangmaslestari.com\/?page_id=2918\">The Prime Series<\/a>\r\n                            <\/ul>\r\n                        <\/li>\r\n                    <\/ul>\r\n                <\/li>\r\n                <li><a href=\"https:\/\/ladangmaslestari.com\/?page_id=194#Our%20Projects\">Projects<\/a><\/li>\r\n                <li><a href=\"https:\/\/ladangmaslestari.com\/?page_id=1276\">Contact<\/a><\/li>\r\n            <\/ul>\r\n        <\/div>\r\n    <\/nav>\r\n    \r\n    <script>\r\n        window.onscroll = function() {\r\n            var navbar = document.getElementById(\"navbar\");\r\n            if (document.body.scrollTop > 50 || document.documentElement.scrollTop > 50) {\r\n                navbar.classList.add(\"scroll\");\r\n            } else {\r\n                navbar.classList.remove(\"scroll\");\r\n            }\r\n        };\r\n    <\/script>\r\n<\/body>\r\n<\/html>\r\n\t\t\t\t<\/div>\n\t\t\t\t<\/div>\n\t\t\t\t\t<\/div>\n\t\t\t\t<\/div>\n\t\t<div class=\"elementor-element elementor-element-c9fef8e e-con-full e-flex e-con e-parent\" data-id=\"c9fef8e\" data-element_type=\"container\" data-e-type=\"container\" data-settings=\"{&quot;background_background&quot;:&quot;classic&quot;}\">\n\t\t\t\t<\/div>\n\t\t<footer class=\"elementor-element elementor-element-09bde5f e-con-full e-flex e-con e-parent\" data-id=\"09bde5f\" data-element_type=\"container\" data-e-type=\"container\">\n\t\t<div class=\"elementor-element elementor-element-52e0c3e e-con-full e-flex e-con e-child\" data-id=\"52e0c3e\" data-element_type=\"container\" data-e-type=\"container\">\n\t\t\t\t<div class=\"elementor-element elementor-element-1dc43e8 elementor-icon-list--layout-inline elementor-tablet-align-center elementor-align-center elementor-list-item-link-full_width elementor-widget elementor-widget-icon-list\" data-id=\"1dc43e8\" data-element_type=\"widget\" data-e-type=\"widget\" data-widget_type=\"icon-list.default\">\n\t\t\t\t<div class=\"elementor-widget-container\">\n\t\t\t\t\t\t\t<ul class=\"elementor-icon-list-items elementor-inline-items\">\n\t\t\t\t\t\t\t<li class=\"elementor-icon-list-item elementor-inline-item\">\n\t\t\t\t\t\t\t\t\t\t<span class=\"elementor-icon-list-text\">(021) 456-7890<\/span>\n\t\t\t\t\t\t\t\t\t<\/li>\n\t\t\t\t\t\t\t\t<li class=\"elementor-icon-list-item elementor-inline-item\">\n\t\t\t\t\t\t\t\t\t\t<span class=\"elementor-icon-list-text\">Sukarjo Wiryopranoto 4 GB<\/span>\n\t\t\t\t\t\t\t\t\t<\/li>\n\t\t\t\t\t\t\t\t<li class=\"elementor-icon-list-item elementor-inline-item\">\n\t\t\t\t\t\t\t\t\t\t<span class=\"elementor-icon-list-text\">Mon - Fri (9:00AM - 5:00PM)<\/span>\n\t\t\t\t\t\t\t\t\t<\/li>\n\t\t\t\t\t\t<\/ul>\n\t\t\t\t\t\t<\/div>\n\t\t\t\t<\/div>\n\t\t\t\t<\/div>\n\t\t\t\t<\/footer>\n\t\t<div class=\"elementor-element elementor-element-016471e e-con-full e-flex e-con e-parent\" data-id=\"016471e\" data-element_type=\"container\" data-e-type=\"container\" data-settings=\"{&quot;background_background&quot;:&quot;classic&quot;}\">\n\t\t\t\t<div class=\"elementor-element elementor-element-61ffaf1 elementor-widget elementor-widget-heading\" data-id=\"61ffaf1\" data-element_type=\"widget\" data-e-type=\"widget\" data-widget_type=\"heading.default\">\n\t\t\t\t<div class=\"elementor-widget-container\">\n\t\t\t\t\t<p class=\"elementor-heading-title elementor-size-default\">\u00a9 Copy Right 2024 - Ladang Mas Lestari<\/p>\t\t\t\t<\/div>\n\t\t\t\t<\/div>\n\t\t\t\t<\/div>\n\t\t\t\t<\/div>\n\t\t","protected":false},"excerpt":{"rendered":"<p>Home About Brands&#038;nbsp V-Kool Limited Edition Series Diamond Series Gold Series Silver Series VK 70 VK 40 VK VIP VK X15 VK X05 Solar Gard Solar Gard Premium Lx Series Black Phantom Platinum Series OEM Series Solar Gard Autofilm Series OEM Series H\u00fcper Optik H\u00fcper Ceramic Series H\u00fcper Klassich Series H\u00fcper Select Drei Series U-Film [&hellip;]<\/p>\n","protected":false},"author":1,"featured_media":0,"parent":0,"menu_order":0,"comment_status":"closed","ping_status":"closed","template":"","meta":{"footnotes":""},"class_list":["post-2885","page","type-page","status-publish","hentry"],"aioseo_notices":[],"_links":{"self":[{"href":"https:\/\/ladangmaslestari.com\/index.php?rest_route=\/wp\/v2\/pages\/2885","targetHints":{"allow":["GET"]}}],"collection":[{"href":"https:\/\/ladangmaslestari.com\/index.php?rest_route=\/wp\/v2\/pages"}],"about":[{"href":"https:\/\/ladangmaslestari.com\/index.php?rest_route=\/wp\/v2\/types\/page"}],"author":[{"embeddable":true,"href":"https:\/\/ladangmaslestari.com\/index.php?rest_route=\/wp\/v2\/users\/1"}],"replies":[{"embeddable":true,"href":"https:\/\/ladangmaslestari.com\/index.php?rest_route=%2Fwp%2Fv2%2Fcomments&post=2885"}],"version-history":[{"count":34,"href":"https:\/\/ladangmaslestari.com\/index.php?rest_route=\/wp\/v2\/pages\/2885\/revisions"}],"predecessor-version":[{"id":4844,"href":"https:\/\/ladangmaslestari.com\/index.php?rest_route=\/wp\/v2\/pages\/2885\/revisions\/4844"}],"wp:attachment":[{"href":"https:\/\/ladangmaslestari.com\/index.php?rest_route=%2Fwp%2Fv2%2Fmedia&parent=2885"}],"curies":[{"name":"wp","href":"https:\/\/api.w.org\/{rel}","templated":true}]}}